{"id":16,"date":"2022-04-27T16:08:09","date_gmt":"2022-04-27T16:08:09","guid":{"rendered":"https:\/\/h2stammtisch.com\/about\/"},"modified":"2022-06-14T10:47:36","modified_gmt":"2022-06-14T10:47:36","slug":"about","status":"publish","type":"page","link":"https:\/\/h2gate.com\/en\/about\/","title":{"rendered":"About"},"content":{"rendered":"<div data-elementor-type=\"wp-page\" data-elementor-id=\"16\" class=\"elementor elementor-16\" data-elementor-post-type=\"page\">\n\t\t\t\t\t\t<section class=\"elementor-section elementor-top-section elementor-element elementor-element-01e79af elementor-section-boxed elementor-section-height-default elementor-section-height-default\" data-id=\"01e79af\" data-element_type=\"section\" data-e-type=\"section\">\n\t\t\t\t\t\t<div class=\"elementor-container elementor-column-gap-default\">\n\t\t\t\t\t<div class=\"elementor-column elementor-col-100 elementor-top-column elementor-element elementor-element-b98fd19\" data-id=\"b98fd19\" data-element_type=\"column\" data-e-type=\"column\">\n\t\t\t<div class=\"elementor-widget-wrap elementor-element-populated\">\n\t\t\t\t\t\t<div class=\"elementor-element elementor-element-e8639a4 elementor-widget elementor-widget-spacer\" data-id=\"e8639a4\" data-element_type=\"widget\" data-e-type=\"widget\" data-widget_type=\"spacer.default\">\n\t\t\t\t<div class=\"elementor-widget-container\">\n\t\t\t\t\t\t\t<div class=\"elementor-spacer\">\n\t\t\t<div class=\"elementor-spacer-inner\"><\/div>\n\t\t<\/div>\n\t\t\t\t\t\t<\/div>\n\t\t\t\t<\/div>\n\t\t\t\t<div class=\"elementor-element elementor-element-06d45eb elementor-headline--style-highlight elementor-widget elementor-widget-animated-headline\" data-id=\"06d45eb\" data-element_type=\"widget\" data-e-type=\"widget\" data-settings=\"{&quot;marker&quot;:&quot;underline&quot;,&quot;highlighted_text&quot;:&quot;Team&quot;,&quot;headline_style&quot;:&quot;highlight&quot;,&quot;loop&quot;:&quot;yes&quot;,&quot;highlight_animation_duration&quot;:1200,&quot;highlight_iteration_delay&quot;:8000}\" data-widget_type=\"animated-headline.default\">\n\t\t\t\t<div class=\"elementor-widget-container\">\n\t\t\t\t\t\t\t<h3 class=\"elementor-headline\">\n\t\t\t\t\t<span class=\"elementor-headline-plain-text elementor-headline-text-wrapper\">The<\/span>\n\t\t\t\t<span class=\"elementor-headline-dynamic-wrapper elementor-headline-text-wrapper\">\n\t\t\t\t\t<span class=\"elementor-headline-dynamic-text elementor-headline-text-active\">Team<\/span>\n\t\t\t\t<\/span>\n\t\t\t\t<\/h3>\n\t\t\t\t\t\t<\/div>\n\t\t\t\t<\/div>\n\t\t\t\t<div class=\"elementor-element elementor-element-4f0cdaa elementor-hidden-tablet elementor-hidden-mobile elementor-widget elementor-widget-spacer\" data-id=\"4f0cdaa\" data-element_type=\"widget\" data-e-type=\"widget\" data-widget_type=\"spacer.default\">\n\t\t\t\t<div class=\"elementor-widget-container\">\n\t\t\t\t\t\t\t<div class=\"elementor-spacer\">\n\t\t\t<div class=\"elementor-spacer-inner\"><\/div>\n\t\t<\/div>\n\t\t\t\t\t\t<\/div>\n\t\t\t\t<\/div>\n\t\t\t\t\t<\/div>\n\t\t<\/div>\n\t\t\t\t\t<\/div>\n\t\t<\/section>\n\t\t\t\t<section class=\"elementor-section elementor-top-section elementor-element elementor-element-1a1bacf8 elementor-section-full_width elementor-section-content-middle elementor-reverse-tablet elementor-reverse-mobile elementor-section-height-default elementor-section-height-default\" data-id=\"1a1bacf8\" data-element_type=\"section\" data-e-type=\"section\">\n\t\t\t\t\t\t<div class=\"elementor-container elementor-column-gap-no\">\n\t\t\t\t\t<div class=\"elementor-column elementor-col-50 elementor-top-column elementor-element elementor-element-4438827\" data-id=\"4438827\" data-element_type=\"column\" data-e-type=\"column\">\n\t\t\t<div class=\"elementor-widget-wrap elementor-element-populated\">\n\t\t\t\t\t\t<div class=\"elementor-element elementor-element-21bf95d4 elementor-widget elementor-widget-heading\" data-id=\"21bf95d4\" data-element_type=\"widget\" data-e-type=\"widget\" data-widget_type=\"heading.default\">\n\t\t\t\t<div class=\"elementor-widget-container\">\n\t\t\t\t\t<h2 class=\"elementor-heading-title elementor-size-default\">Barbara Makowka<\/h2>\t\t\t\t<\/div>\n\t\t\t\t<\/div>\n\t\t\t\t<div class=\"elementor-element elementor-element-487b36b6 elementor-widget elementor-widget-heading\" data-id=\"487b36b6\" data-element_type=\"widget\" data-e-type=\"widget\" data-widget_type=\"heading.default\">\n\t\t\t\t<div class=\"elementor-widget-container\">\n\t\t\t\t\t<h5 class=\"elementor-heading-title elementor-size-default\">Degree in Business and Economics \u2013 Founder of H2Gate<\/h5>\t\t\t\t<\/div>\n\t\t\t\t<\/div>\n\t\t\t\t<div class=\"elementor-element elementor-element-2d91031c elementor-widget elementor-widget-text-editor\" data-id=\"2d91031c\" data-element_type=\"widget\" data-e-type=\"widget\" data-widget_type=\"text-editor.default\">\n\t\t\t\t<div class=\"elementor-widget-container\">\n\t\t\t\t\t\t\t\t\t<p>For more than 23 years, Barbara Makowka has been working in the field of environmental technologies and sustainability issues as a journalist, agency owner and project manager, and is now the managing director of the Schutzgemeinschaft Deutscher Wald Landesverband Hamburg e.V. (SDW). She is passionate about hydrogen and fuel cells and would finally like to see this technology\u2019s full potential unlocked and applied to various sectors of the economy.<\/p><p>\"Today, hydrogen and its possible applications are - rightly so - topics that are receiving more attention than ever before, not only in the Federal Republic of Germany, but also worldwide.<\/p><p>H2Gate has recognised this since 2004.\"<\/p>\t\t\t\t\t\t\t\t<\/div>\n\t\t\t\t<\/div>\n\t\t\t\t<div class=\"elementor-element elementor-element-9b935a4 e-grid-align-right elementor-shape-rounded elementor-grid-0 elementor-widget elementor-widget-social-icons\" data-id=\"9b935a4\" data-element_type=\"widget\" data-e-type=\"widget\" data-widget_type=\"social-icons.default\">\n\t\t\t\t<div class=\"elementor-widget-container\">\n\t\t\t\t\t\t\t<div class=\"elementor-social-icons-wrapper elementor-grid\" role=\"list\">\n\t\t\t\t\t\t\t<span class=\"elementor-grid-item\" role=\"listitem\">\n\t\t\t\t\t<a class=\"elementor-icon elementor-social-icon elementor-social-icon-linkedin elementor-repeater-item-0c23fc3\" href=\"https:\/\/www.linkedin.com\/in\/barbara-makowka-7a7b0956\/\" target=\"_blank\">\n\t\t\t\t\t\t<span class=\"elementor-screen-only\">Linkedin<\/span>\n\t\t\t\t\t\t<i aria-hidden=\"true\" class=\"fab fa-linkedin\"><\/i>\t\t\t\t\t<\/a>\n\t\t\t\t<\/span>\n\t\t\t\t\t\t\t<span class=\"elementor-grid-item\" role=\"listitem\">\n\t\t\t\t\t<a class=\"elementor-icon elementor-social-icon elementor-social-icon-facebook elementor-repeater-item-5b4416c\" target=\"_blank\">\n\t\t\t\t\t\t<span class=\"elementor-screen-only\">Facebook<\/span>\n\t\t\t\t\t\t<i aria-hidden=\"true\" class=\"fab fa-facebook\"><\/i>\t\t\t\t\t<\/a>\n\t\t\t\t<\/span>\n\t\t\t\t\t<\/div>\n\t\t\t\t\t\t<\/div>\n\t\t\t\t<\/div>\n\t\t\t\t\t<\/div>\n\t\t<\/div>\n\t\t\t\t<div class=\"elementor-column elementor-col-50 elementor-top-column elementor-element elementor-element-1eedb3ef\" data-id=\"1eedb3ef\" data-element_type=\"column\" data-e-type=\"column\">\n\t\t\t<div class=\"elementor-widget-wrap elementor-element-populated\">\n\t\t\t\t\t\t<div class=\"elementor-element elementor-element-6dae5c14 elementor-widget elementor-widget-image\" data-id=\"6dae5c14\" data-element_type=\"widget\" data-e-type=\"widget\" data-widget_type=\"image.default\">\n\t\t\t\t<div class=\"elementor-widget-container\">\n\t\t\t\t\t\t\t\t\t\t\t\t\t\t\t<img decoding=\"async\" src=\"https:\/\/h2gate.com\/wp-content\/uploads\/elementor\/thumbs\/Barbara240739A-po2ks7oictj0axb93ijaep7oy0l0gdc91sxyh6ybgo.jpg\" title=\"Barbara240739A\" alt=\"Barbara240739A\" loading=\"lazy\" \/>\t\t\t\t\t\t\t\t\t\t\t\t\t\t\t<\/div>\n\t\t\t\t<\/div>\n\t\t\t\t\t<\/div>\n\t\t<\/div>\n\t\t\t\t\t<\/div>\n\t\t<\/section>\n\t\t\t\t<section class=\"elementor-section elementor-top-section elementor-element elementor-element-065facd elementor-section-full_width elementor-section-content-middle elementor-reverse-tablet elementor-reverse-mobile elementor-section-height-default elementor-section-height-default\" data-id=\"065facd\" data-element_type=\"section\" data-e-type=\"section\">\n\t\t\t\t\t\t<div class=\"elementor-container elementor-column-gap-no\">\n\t\t\t\t\t<div class=\"elementor-column elementor-col-50 elementor-top-column elementor-element elementor-element-7bfbace\" data-id=\"7bfbace\" data-element_type=\"column\" data-e-type=\"column\">\n\t\t\t<div class=\"elementor-widget-wrap elementor-element-populated\">\n\t\t\t\t\t\t<div class=\"elementor-element elementor-element-6eb0822 elementor-widget elementor-widget-heading\" data-id=\"6eb0822\" data-element_type=\"widget\" data-e-type=\"widget\" data-widget_type=\"heading.default\">\n\t\t\t\t<div class=\"elementor-widget-container\">\n\t\t\t\t\t<h2 class=\"elementor-heading-title elementor-size-default\">Bernd Schmidt<\/h2>\t\t\t\t<\/div>\n\t\t\t\t<\/div>\n\t\t\t\t<div class=\"elementor-element elementor-element-d2dcc38 elementor-widget elementor-widget-heading\" data-id=\"d2dcc38\" data-element_type=\"widget\" data-e-type=\"widget\" data-widget_type=\"heading.default\">\n\t\t\t\t<div class=\"elementor-widget-container\">\n\t\t\t\t\t<h5 class=\"elementor-heading-title elementor-size-default\">Degree in Business and Economics \u2013 Planning and Implementation <\/h5>\t\t\t\t<\/div>\n\t\t\t\t<\/div>\n\t\t\t\t<div class=\"elementor-element elementor-element-b744761 elementor-widget elementor-widget-text-editor\" data-id=\"b744761\" data-element_type=\"widget\" data-e-type=\"widget\" data-widget_type=\"text-editor.default\">\n\t\t\t\t<div class=\"elementor-widget-container\">\n\t\t\t\t\t\t\t\t\t<p>Coming from the funding and financing industry, Bernd Schmidt has been a regular guest since the beginning of the first hydrogen and fuel cell round tables. Providing a financial foundation for sensible, sustainable and innovative ideas and developments has been at the front of his activities. With his involvement in H2Gate, he is fulfilling a dream of working in the hydrogen industry.<\/p>\t\t\t\t\t\t\t\t<\/div>\n\t\t\t\t<\/div>\n\t\t\t\t<div class=\"elementor-element elementor-element-f93921c e-grid-align-right elementor-shape-rounded elementor-grid-0 elementor-widget elementor-widget-social-icons\" data-id=\"f93921c\" data-element_type=\"widget\" data-e-type=\"widget\" data-widget_type=\"social-icons.default\">\n\t\t\t\t<div class=\"elementor-widget-container\">\n\t\t\t\t\t\t\t<div class=\"elementor-social-icons-wrapper elementor-grid\" role=\"list\">\n\t\t\t\t\t\t\t<span class=\"elementor-grid-item\" role=\"listitem\">\n\t\t\t\t\t<a class=\"elementor-icon elementor-social-icon elementor-social-icon-linkedin elementor-repeater-item-0c23fc3\" href=\"https:\/\/www.linkedin.com\/in\/bernd-schmidt-a5b24baa\/\" target=\"_blank\">\n\t\t\t\t\t\t<span class=\"elementor-screen-only\">Linkedin<\/span>\n\t\t\t\t\t\t<i aria-hidden=\"true\" class=\"fab fa-linkedin\"><\/i>\t\t\t\t\t<\/a>\n\t\t\t\t<\/span>\n\t\t\t\t\t\t\t<span class=\"elementor-grid-item\" role=\"listitem\">\n\t\t\t\t\t<a class=\"elementor-icon elementor-social-icon elementor-social-icon-facebook elementor-repeater-item-5b4416c\" target=\"_blank\">\n\t\t\t\t\t\t<span class=\"elementor-screen-only\">Facebook<\/span>\n\t\t\t\t\t\t<i aria-hidden=\"true\" class=\"fab fa-facebook\"><\/i>\t\t\t\t\t<\/a>\n\t\t\t\t<\/span>\n\t\t\t\t\t<\/div>\n\t\t\t\t\t\t<\/div>\n\t\t\t\t<\/div>\n\t\t\t\t\t<\/div>\n\t\t<\/div>\n\t\t\t\t<div class=\"elementor-column elementor-col-50 elementor-top-column elementor-element elementor-element-835119c\" data-id=\"835119c\" data-element_type=\"column\" data-e-type=\"column\">\n\t\t\t<div class=\"elementor-widget-wrap elementor-element-populated\">\n\t\t\t\t\t\t<div class=\"elementor-element elementor-element-e1f8dda elementor-widget elementor-widget-image\" data-id=\"e1f8dda\" data-element_type=\"widget\" data-e-type=\"widget\" data-widget_type=\"image.default\">\n\t\t\t\t<div class=\"elementor-widget-container\">\n\t\t\t\t\t\t\t\t\t\t\t\t\t\t\t<img decoding=\"async\" src=\"https:\/\/h2gate.com\/wp-content\/uploads\/elementor\/thumbs\/Bernd-Schmidt-po2ks2zbenckovi2uyi5k8edz386dvtld5oj2t5abs.jpg\" title=\"Bernd Schmidt\" alt=\"Bernd Schmidt\" loading=\"lazy\" \/>\t\t\t\t\t\t\t\t\t\t\t\t\t\t\t<\/div>\n\t\t\t\t<\/div>\n\t\t\t\t\t<\/div>\n\t\t<\/div>\n\t\t\t\t\t<\/div>\n\t\t<\/section>\n\t\t\t\t<section class=\"elementor-section elementor-top-section elementor-element elementor-element-245a06d elementor-section-full_width elementor-section-content-middle elementor-reverse-tablet elementor-reverse-mobile elementor-section-height-default elementor-section-height-default\" data-id=\"245a06d\" data-element_type=\"section\" data-e-type=\"section\">\n\t\t\t\t\t\t<div class=\"elementor-container elementor-column-gap-no\">\n\t\t\t\t\t<div class=\"elementor-column elementor-col-50 elementor-top-column elementor-element elementor-element-9b04fba\" data-id=\"9b04fba\" data-element_type=\"column\" data-e-type=\"column\">\n\t\t\t<div class=\"elementor-widget-wrap elementor-element-populated\">\n\t\t\t\t\t\t<div class=\"elementor-element elementor-element-31834f1 elementor-widget elementor-widget-heading\" data-id=\"31834f1\" data-element_type=\"widget\" data-e-type=\"widget\" data-widget_type=\"heading.default\">\n\t\t\t\t<div class=\"elementor-widget-container\">\n\t\t\t\t\t<h2 class=\"elementor-heading-title elementor-size-default\">Sven J\u00f6sting<\/h2>\t\t\t\t<\/div>\n\t\t\t\t<\/div>\n\t\t\t\t<div class=\"elementor-element elementor-element-3def8d2 elementor-widget elementor-widget-heading\" data-id=\"3def8d2\" data-element_type=\"widget\" data-e-type=\"widget\" data-widget_type=\"heading.default\">\n\t\t\t\t<div class=\"elementor-widget-container\">\n\t\t\t\t\t<h5 class=\"elementor-heading-title elementor-size-default\">Bank Apprenticeship - Editorial and Content<\/h5>\t\t\t\t<\/div>\n\t\t\t\t<\/div>\n\t\t\t\t<div class=\"elementor-element elementor-element-0852f60 elementor-widget elementor-widget-text-editor\" data-id=\"0852f60\" data-element_type=\"widget\" data-e-type=\"widget\" data-widget_type=\"text-editor.default\">\n\t\t\t\t<div class=\"elementor-widget-container\">\n\t\t\t\t\t\t\t\t\t<p>For more than 20 years now, Sven J\u00f6sting has been looking at the bigger picture of this future technology. His motto: \u201cProgress is what counts!\u201d Whether it was association and public relations work, project planning, educating the next generation or international exchange, he worked in whatever way to draw the public\u2019s attention to matters of sustainability and more specifically Hydrogen. Among other things, Sven J\u00f6sting is writing for the only trade magazine in this sector, \u2018HZwei\u2019, he can be heard as a stock market professional in various podcasts and is in charge of the largest hydrogen &amp; fuel cell community on Facebook with over 14,000 followers. H2Gate is very proud to have Sven J\u00f6sting, as a pioneer in sustainable matters, on board.<\/p>\t\t\t\t\t\t\t\t<\/div>\n\t\t\t\t<\/div>\n\t\t\t\t<div class=\"elementor-element elementor-element-b3dc4e2 e-grid-align-right elementor-shape-rounded elementor-grid-0 elementor-widget elementor-widget-social-icons\" data-id=\"b3dc4e2\" data-element_type=\"widget\" data-e-type=\"widget\" data-widget_type=\"social-icons.default\">\n\t\t\t\t<div class=\"elementor-widget-container\">\n\t\t\t\t\t\t\t<div class=\"elementor-social-icons-wrapper elementor-grid\" role=\"list\">\n\t\t\t\t\t\t\t<span class=\"elementor-grid-item\" role=\"listitem\">\n\t\t\t\t\t<a class=\"elementor-icon elementor-social-icon elementor-social-icon-linkedin elementor-repeater-item-0c23fc3\" href=\"https:\/\/www.linkedin.com\/in\/sven-joesting-a7972931\/\" target=\"_blank\">\n\t\t\t\t\t\t<span class=\"elementor-screen-only\">Linkedin<\/span>\n\t\t\t\t\t\t<i aria-hidden=\"true\" class=\"fab fa-linkedin\"><\/i>\t\t\t\t\t<\/a>\n\t\t\t\t<\/span>\n\t\t\t\t\t\t\t<span class=\"elementor-grid-item\" role=\"listitem\">\n\t\t\t\t\t<a class=\"elementor-icon elementor-social-icon elementor-social-icon-facebook elementor-repeater-item-5b4416c\" target=\"_blank\">\n\t\t\t\t\t\t<span class=\"elementor-screen-only\">Facebook<\/span>\n\t\t\t\t\t\t<i aria-hidden=\"true\" class=\"fab fa-facebook\"><\/i>\t\t\t\t\t<\/a>\n\t\t\t\t<\/span>\n\t\t\t\t\t<\/div>\n\t\t\t\t\t\t<\/div>\n\t\t\t\t<\/div>\n\t\t\t\t\t<\/div>\n\t\t<\/div>\n\t\t\t\t<div class=\"elementor-column elementor-col-50 elementor-top-column elementor-element elementor-element-80e91f6\" data-id=\"80e91f6\" data-element_type=\"column\" data-e-type=\"column\">\n\t\t\t<div class=\"elementor-widget-wrap elementor-element-populated\">\n\t\t\t\t\t\t<div class=\"elementor-element elementor-element-5fd045a elementor-widget elementor-widget-image\" data-id=\"5fd045a\" data-element_type=\"widget\" data-e-type=\"widget\" data-widget_type=\"image.default\">\n\t\t\t\t<div class=\"elementor-widget-container\">\n\t\t\t\t\t\t\t\t\t\t\t\t\t\t\t<img decoding=\"async\" src=\"https:\/\/h2gate.com\/wp-content\/uploads\/elementor\/thumbs\/Sven-Jo\u0308sting-scaled-po2ks5stz5gfnpdzehq19porr8ua0z4sdjmzin13t4.jpg\" title=\"flashsgl\" alt=\"flashsgl\" loading=\"lazy\" \/>\t\t\t\t\t\t\t\t\t\t\t\t\t\t\t<\/div>\n\t\t\t\t<\/div>\n\t\t\t\t\t<\/div>\n\t\t<\/div>\n\t\t\t\t\t<\/div>\n\t\t<\/section>\n\t\t\t\t<\/div>","protected":false},"excerpt":{"rendered":"<p>Das Team Barbara Makowka Dipl. Betriebswirtin &#8211; Gr\u00fcnderin von H2Gate Sie ist seit mehr als 23 Jahren im Bereich der Umwelttechnologien und Themen der Nachhaltigkeit als Journalistin, Agenturinhaberin sowie Projektleiterin t\u00e4tig und ist mittlerweile Gesch\u00e4ftsf\u00fchrerin der Schutzgemeinschaft Deutscher Wald Landesverband Hamburg e.V. Sie brennt f\u00fcr das Thema Wasserstoff und m\u00f6chte endlich, dass diese Technologie ihren [&hellip;]<\/p>\n","protected":false},"author":1,"featured_media":0,"parent":0,"menu_order":0,"comment_status":"closed","ping_status":"closed","template":"","meta":{"_monsterinsights_skip_tracking":false,"_monsterinsights_sitenote_active":false,"_monsterinsights_sitenote_note":"","_monsterinsights_sitenote_category":0,"footnotes":""},"class_list":["post-16","page","type-page","status-publish","hentry"],"yoast_head":"<!-- This site is optimized with the Yoast SEO plugin v27.3 - https:\/\/yoast.com\/product\/yoast-seo-wordpress\/ -->\n<title>About - H2Gate<\/title>\n<meta name=\"robots\" content=\"index, follow, max-snippet:-1, max-image-preview:large, max-video-preview:-1\" \/>\n<link rel=\"canonical\" href=\"https:\/\/h2gate.com\/en\/about\/\" \/>\n<meta property=\"og:locale\" content=\"en_GB\" \/>\n<meta property=\"og:type\" content=\"article\" \/>\n<meta property=\"og:title\" content=\"About - H2Gate\" \/>\n<meta property=\"og:description\" content=\"Das Team Barbara Makowka Dipl. Betriebswirtin &#8211; Gr\u00fcnderin von H2Gate Sie ist seit mehr als 23 Jahren im Bereich der Umwelttechnologien und Themen der Nachhaltigkeit als Journalistin, Agenturinhaberin sowie Projektleiterin t\u00e4tig und ist mittlerweile Gesch\u00e4ftsf\u00fchrerin der Schutzgemeinschaft Deutscher Wald Landesverband Hamburg e.V. Sie brennt f\u00fcr das Thema Wasserstoff und m\u00f6chte endlich, dass diese Technologie ihren [&hellip;]\" \/>\n<meta property=\"og:url\" content=\"https:\/\/h2gate.com\/en\/about\/\" \/>\n<meta property=\"og:site_name\" content=\"H2Gate\" \/>\n<meta property=\"article:modified_time\" content=\"2022-06-14T10:47:36+00:00\" \/>\n<meta property=\"og:image\" content=\"https:\/\/h2gate.com\/wp-content\/uploads\/elementor\/thumbs\/Barbara240739A-po2ks7oictj0axb93ijaep7oy0l0gdc91sxyh6ybgo.jpg\" \/>\n<meta name=\"twitter:card\" content=\"summary_large_image\" \/>\n<meta name=\"twitter:label1\" content=\"Estimated reading time\" \/>\n\t<meta name=\"twitter:data1\" content=\"1 minute\" \/>\n<script type=\"application\/ld+json\" class=\"yoast-schema-graph\">{\"@context\":\"https:\\\/\\\/schema.org\",\"@graph\":[{\"@type\":\"WebPage\",\"@id\":\"https:\\\/\\\/h2gate.com\\\/about\\\/\",\"url\":\"https:\\\/\\\/h2gate.com\\\/about\\\/\",\"name\":\"About - H2Gate\",\"isPartOf\":{\"@id\":\"https:\\\/\\\/h2gate.com\\\/en\\\/#website\"},\"primaryImageOfPage\":{\"@id\":\"https:\\\/\\\/h2gate.com\\\/about\\\/#primaryimage\"},\"image\":{\"@id\":\"https:\\\/\\\/h2gate.com\\\/about\\\/#primaryimage\"},\"thumbnailUrl\":\"https:\\\/\\\/h2gate.com\\\/wp-content\\\/uploads\\\/elementor\\\/thumbs\\\/Barbara240739A-po2ks7oictj0axb93ijaep7oy0l0gdc91sxyh6ybgo.jpg\",\"datePublished\":\"2022-04-27T16:08:09+00:00\",\"dateModified\":\"2022-06-14T10:47:36+00:00\",\"breadcrumb\":{\"@id\":\"https:\\\/\\\/h2gate.com\\\/about\\\/#breadcrumb\"},\"inLanguage\":\"en-GB\",\"potentialAction\":[{\"@type\":\"ReadAction\",\"target\":[\"https:\\\/\\\/h2gate.com\\\/about\\\/\"]}]},{\"@type\":\"ImageObject\",\"inLanguage\":\"en-GB\",\"@id\":\"https:\\\/\\\/h2gate.com\\\/about\\\/#primaryimage\",\"url\":\"https:\\\/\\\/h2gate.com\\\/wp-content\\\/uploads\\\/elementor\\\/thumbs\\\/Barbara240739A-po2ks7oictj0axb93ijaep7oy0l0gdc91sxyh6ybgo.jpg\",\"contentUrl\":\"https:\\\/\\\/h2gate.com\\\/wp-content\\\/uploads\\\/elementor\\\/thumbs\\\/Barbara240739A-po2ks7oictj0axb93ijaep7oy0l0gdc91sxyh6ybgo.jpg\"},{\"@type\":\"BreadcrumbList\",\"@id\":\"https:\\\/\\\/h2gate.com\\\/about\\\/#breadcrumb\",\"itemListElement\":[{\"@type\":\"ListItem\",\"position\":1,\"name\":\"Home\",\"item\":\"https:\\\/\\\/h2gate.com\\\/\"},{\"@type\":\"ListItem\",\"position\":2,\"name\":\"About\"}]},{\"@type\":\"WebSite\",\"@id\":\"https:\\\/\\\/h2gate.com\\\/en\\\/#website\",\"url\":\"https:\\\/\\\/h2gate.com\\\/en\\\/\",\"name\":\"H2Gate\",\"description\":\"H2Gate vernetzt, f\u00f6rdert, vermittelt, ber\u00e4t\",\"publisher\":{\"@id\":\"https:\\\/\\\/h2gate.com\\\/en\\\/#organization\"},\"potentialAction\":[{\"@type\":\"SearchAction\",\"target\":{\"@type\":\"EntryPoint\",\"urlTemplate\":\"https:\\\/\\\/h2gate.com\\\/en\\\/?s={search_term_string}\"},\"query-input\":{\"@type\":\"PropertyValueSpecification\",\"valueRequired\":true,\"valueName\":\"search_term_string\"}}],\"inLanguage\":\"en-GB\"},{\"@type\":\"Organization\",\"@id\":\"https:\\\/\\\/h2gate.com\\\/en\\\/#organization\",\"name\":\"H2Gate\",\"url\":\"https:\\\/\\\/h2gate.com\\\/en\\\/\",\"logo\":{\"@type\":\"ImageObject\",\"inLanguage\":\"en-GB\",\"@id\":\"https:\\\/\\\/h2gate.com\\\/en\\\/#\\\/schema\\\/logo\\\/image\\\/\",\"url\":\"https:\\\/\\\/h2gate.com\\\/wp-content\\\/uploads\\\/2022\\\/04\\\/H2-Gate_4c.png\",\"contentUrl\":\"https:\\\/\\\/h2gate.com\\\/wp-content\\\/uploads\\\/2022\\\/04\\\/H2-Gate_4c.png\",\"width\":320,\"height\":187,\"caption\":\"H2Gate\"},\"image\":{\"@id\":\"https:\\\/\\\/h2gate.com\\\/en\\\/#\\\/schema\\\/logo\\\/image\\\/\"},\"sameAs\":[\"https:\\\/\\\/instagram.com\\\/h2gate\"]}]}<\/script>\n<!-- \/ Yoast SEO plugin. -->","yoast_head_json":{"title":"About - H2Gate","robots":{"index":"index","follow":"follow","max-snippet":"max-snippet:-1","max-image-preview":"max-image-preview:large","max-video-preview":"max-video-preview:-1"},"canonical":"https:\/\/h2gate.com\/en\/about\/","og_locale":"en_GB","og_type":"article","og_title":"About - H2Gate","og_description":"Das Team Barbara Makowka Dipl. Betriebswirtin &#8211; Gr\u00fcnderin von H2Gate Sie ist seit mehr als 23 Jahren im Bereich der Umwelttechnologien und Themen der Nachhaltigkeit als Journalistin, Agenturinhaberin sowie Projektleiterin t\u00e4tig und ist mittlerweile Gesch\u00e4ftsf\u00fchrerin der Schutzgemeinschaft Deutscher Wald Landesverband Hamburg e.V. Sie brennt f\u00fcr das Thema Wasserstoff und m\u00f6chte endlich, dass diese Technologie ihren [&hellip;]","og_url":"https:\/\/h2gate.com\/en\/about\/","og_site_name":"H2Gate","article_modified_time":"2022-06-14T10:47:36+00:00","og_image":[{"url":"https:\/\/h2gate.com\/wp-content\/uploads\/elementor\/thumbs\/Barbara240739A-po2ks7oictj0axb93ijaep7oy0l0gdc91sxyh6ybgo.jpg","type":"","width":"","height":""}],"twitter_card":"summary_large_image","twitter_misc":{"Estimated reading time":"1 minute"},"schema":{"@context":"https:\/\/schema.org","@graph":[{"@type":"WebPage","@id":"https:\/\/h2gate.com\/about\/","url":"https:\/\/h2gate.com\/about\/","name":"About - H2Gate","isPartOf":{"@id":"https:\/\/h2gate.com\/en\/#website"},"primaryImageOfPage":{"@id":"https:\/\/h2gate.com\/about\/#primaryimage"},"image":{"@id":"https:\/\/h2gate.com\/about\/#primaryimage"},"thumbnailUrl":"https:\/\/h2gate.com\/wp-content\/uploads\/elementor\/thumbs\/Barbara240739A-po2ks7oictj0axb93ijaep7oy0l0gdc91sxyh6ybgo.jpg","datePublished":"2022-04-27T16:08:09+00:00","dateModified":"2022-06-14T10:47:36+00:00","breadcrumb":{"@id":"https:\/\/h2gate.com\/about\/#breadcrumb"},"inLanguage":"en-GB","potentialAction":[{"@type":"ReadAction","target":["https:\/\/h2gate.com\/about\/"]}]},{"@type":"ImageObject","inLanguage":"en-GB","@id":"https:\/\/h2gate.com\/about\/#primaryimage","url":"https:\/\/h2gate.com\/wp-content\/uploads\/elementor\/thumbs\/Barbara240739A-po2ks7oictj0axb93ijaep7oy0l0gdc91sxyh6ybgo.jpg","contentUrl":"https:\/\/h2gate.com\/wp-content\/uploads\/elementor\/thumbs\/Barbara240739A-po2ks7oictj0axb93ijaep7oy0l0gdc91sxyh6ybgo.jpg"},{"@type":"BreadcrumbList","@id":"https:\/\/h2gate.com\/about\/#breadcrumb","itemListElement":[{"@type":"ListItem","position":1,"name":"Home","item":"https:\/\/h2gate.com\/"},{"@type":"ListItem","position":2,"name":"About"}]},{"@type":"WebSite","@id":"https:\/\/h2gate.com\/en\/#website","url":"https:\/\/h2gate.com\/en\/","name":"H2Gate","description":"H2Gate vernetzt, f\u00f6rdert, vermittelt, ber\u00e4t","publisher":{"@id":"https:\/\/h2gate.com\/en\/#organization"},"potentialAction":[{"@type":"SearchAction","target":{"@type":"EntryPoint","urlTemplate":"https:\/\/h2gate.com\/en\/?s={search_term_string}"},"query-input":{"@type":"PropertyValueSpecification","valueRequired":true,"valueName":"search_term_string"}}],"inLanguage":"en-GB"},{"@type":"Organization","@id":"https:\/\/h2gate.com\/en\/#organization","name":"H2Gate","url":"https:\/\/h2gate.com\/en\/","logo":{"@type":"ImageObject","inLanguage":"en-GB","@id":"https:\/\/h2gate.com\/en\/#\/schema\/logo\/image\/","url":"https:\/\/h2gate.com\/wp-content\/uploads\/2022\/04\/H2-Gate_4c.png","contentUrl":"https:\/\/h2gate.com\/wp-content\/uploads\/2022\/04\/H2-Gate_4c.png","width":320,"height":187,"caption":"H2Gate"},"image":{"@id":"https:\/\/h2gate.com\/en\/#\/schema\/logo\/image\/"},"sameAs":["https:\/\/instagram.com\/h2gate"]}]}},"_links":{"self":[{"href":"https:\/\/h2gate.com\/en\/wp-json\/wp\/v2\/pages\/16","targetHints":{"allow":["GET"]}}],"collection":[{"href":"https:\/\/h2gate.com\/en\/wp-json\/wp\/v2\/pages"}],"about":[{"href":"https:\/\/h2gate.com\/en\/wp-json\/wp\/v2\/types\/page"}],"author":[{"embeddable":true,"href":"https:\/\/h2gate.com\/en\/wp-json\/wp\/v2\/users\/1"}],"replies":[{"embeddable":true,"href":"https:\/\/h2gate.com\/en\/wp-json\/wp\/v2\/comments?post=16"}],"version-history":[{"count":10,"href":"https:\/\/h2gate.com\/en\/wp-json\/wp\/v2\/pages\/16\/revisions"}],"predecessor-version":[{"id":948,"href":"https:\/\/h2gate.com\/en\/wp-json\/wp\/v2\/pages\/16\/revisions\/948"}],"wp:attachment":[{"href":"https:\/\/h2gate.com\/en\/wp-json\/wp\/v2\/media?parent=16"}],"curies":[{"name":"wp","href":"https:\/\/api.w.org\/{rel}","templated":true}]}}