{"id":39,"date":"2022-04-27T16:08:11","date_gmt":"2022-04-27T16:08:11","guid":{"rendered":"https:\/\/h2stammtisch.com\/home\/"},"modified":"2022-09-28T18:33:36","modified_gmt":"2022-09-28T18:33:36","slug":"home","status":"publish","type":"page","link":"https:\/\/h2gate.com\/en\/","title":{"rendered":"Home"},"content":{"rendered":"\t\t<div data-elementor-type=\"wp-page\" data-elementor-id=\"39\" class=\"elementor elementor-39\" data-elementor-post-type=\"page\">\n\t\t\t\t\t\t<section class=\"elementor-section elementor-top-section elementor-element elementor-element-46b1d4ad elementor-section-height-min-height elementor-section-items-stretch elementor-section-content-middle elementor-section-boxed elementor-section-height-default\" data-id=\"46b1d4ad\" data-element_type=\"section\" data-e-type=\"section\" data-settings=\"{&quot;background_background&quot;:&quot;classic&quot;,&quot;background_motion_fx_motion_fx_scrolling&quot;:&quot;yes&quot;,&quot;background_motion_fx_translateY_effect&quot;:&quot;yes&quot;,&quot;background_motion_fx_translateY_speed&quot;:{&quot;unit&quot;:&quot;px&quot;,&quot;size&quot;:5,&quot;sizes&quot;:[]},&quot;background_motion_fx_translateY_affectedRange&quot;:{&quot;unit&quot;:&quot;%&quot;,&quot;size&quot;:&quot;&quot;,&quot;sizes&quot;:{&quot;start&quot;:0,&quot;end&quot;:100}},&quot;background_motion_fx_devices&quot;:[&quot;desktop&quot;,&quot;tablet&quot;,&quot;mobile&quot;]}\">\n\t\t\t\t\t\t\t<div class=\"elementor-background-overlay\"><\/div>\n\t\t\t\t\t\t\t<div class=\"elementor-container elementor-column-gap-no\">\n\t\t\t\t\t<div class=\"elementor-column elementor-col-100 elementor-top-column elementor-element elementor-element-23d892cf\" data-id=\"23d892cf\" data-element_type=\"column\" data-e-type=\"column\">\n\t\t\t<div class=\"elementor-widget-wrap elementor-element-populated\">\n\t\t\t\t\t\t<div class=\"elementor-element elementor-element-3e789a2f elementor-widget elementor-widget-heading\" data-id=\"3e789a2f\" data-element_type=\"widget\" data-e-type=\"widget\" data-widget_type=\"heading.default\">\n\t\t\t\t<div class=\"elementor-widget-container\">\n\t\t\t\t\t<h1 class=\"elementor-heading-title elementor-size-default\">Willkommen bei H2Gate<\/h1>\t\t\t\t<\/div>\n\t\t\t\t<\/div>\n\t\t\t\t<div class=\"elementor-element elementor-element-3d98f29b elementor-widget elementor-widget-heading\" data-id=\"3d98f29b\" data-element_type=\"widget\" data-e-type=\"widget\" data-widget_type=\"heading.default\">\n\t\t\t\t<div class=\"elementor-widget-container\">\n\t\t\t\t\t<h5 class=\"elementor-heading-title elementor-size-default\"><div style=\"margin-top:0pt;margin-bottom:0pt;margin-left:.38in;text-indent:-.38in\">Das Netzwerk f\u00fcr die\nWasserstoff- und Brennstoffzellentechnologie<span style=\"color: var( --e-global-color-text );font-family: var( --e-global-typography-c05b693-font-family ), Sans-serif;font-size: var( --e-global-typography-c05b693-font-size );font-style: var( --e-global-typography-c05b693-font-style );font-weight: var( --e-global-typography-c05b693-font-weight );letter-spacing: var( --e-global-typography-c05b693-letter-spacing );text-transform: var( --e-global-typography-c05b693-text-transform );background-color: var( --e-global-color-secondary )\"><\/span><\/div><\/h5>\t\t\t\t<\/div>\n\t\t\t\t<\/div>\n\t\t\t\t<div class=\"elementor-element elementor-element-71b07c48 elementor-align-center elementor-widget elementor-widget-button\" data-id=\"71b07c48\" data-element_type=\"widget\" data-e-type=\"widget\" data-widget_type=\"button.default\">\n\t\t\t\t<div class=\"elementor-widget-container\">\n\t\t\t\t\t\t\t\t\t<div class=\"elementor-button-wrapper\">\n\t\t\t\t\t<a class=\"elementor-button elementor-button-link elementor-size-sm\" href=\"#seg_about\">\n\t\t\t\t\t\t<span class=\"elementor-button-content-wrapper\">\n\t\t\t\t\t\t\t\t\t<span class=\"elementor-button-text\">Mehr erfahren<\/span>\n\t\t\t\t\t<\/span>\n\t\t\t\t\t<\/a>\n\t\t\t\t<\/div>\n\t\t\t\t\t\t\t\t<\/div>\n\t\t\t\t<\/div>\n\t\t\t\t\t<\/div>\n\t\t<\/div>\n\t\t\t\t\t<\/div>\n\t\t<\/section>\n\t\t\t\t<section class=\"elementor-section elementor-top-section elementor-element elementor-element-77aeb4a elementor-section-full_width elementor-section-height-default elementor-section-height-default\" data-id=\"77aeb4a\" data-element_type=\"section\" data-e-type=\"section\" id=\"seg_about\">\n\t\t\t\t\t\t<div class=\"elementor-container elementor-column-gap-no\">\n\t\t\t\t\t<div class=\"elementor-column elementor-col-100 elementor-top-column elementor-element elementor-element-bf43650\" data-id=\"bf43650\" data-element_type=\"column\" data-e-type=\"column\">\n\t\t\t<div class=\"elementor-widget-wrap elementor-element-populated\">\n\t\t\t\t\t\t<div class=\"elementor-element elementor-element-c80b180 elementor-widget elementor-widget-heading\" data-id=\"c80b180\" data-element_type=\"widget\" data-e-type=\"widget\" data-widget_type=\"heading.default\">\n\t\t\t\t<div class=\"elementor-widget-container\">\n\t\t\t\t\t<h2 class=\"elementor-heading-title elementor-size-default\">\u00dcber H2Gate<\/h2>\t\t\t\t<\/div>\n\t\t\t\t<\/div>\n\t\t\t\t<div class=\"elementor-element elementor-element-a6ba412 elementor-widget-divider--view-line elementor-widget elementor-widget-divider\" data-id=\"a6ba412\" data-element_type=\"widget\" data-e-type=\"widget\" data-widget_type=\"divider.default\">\n\t\t\t\t<div class=\"elementor-widget-container\">\n\t\t\t\t\t\t\t<div class=\"elementor-divider\">\n\t\t\t<span class=\"elementor-divider-separator\">\n\t\t\t\t\t\t<\/span>\n\t\t<\/div>\n\t\t\t\t\t\t<\/div>\n\t\t\t\t<\/div>\n\t\t\t\t<section class=\"elementor-section elementor-inner-section elementor-element elementor-element-9d3e3f9 elementor-section-boxed elementor-section-height-default elementor-section-height-default\" data-id=\"9d3e3f9\" data-element_type=\"section\" data-e-type=\"section\">\n\t\t\t\t\t\t<div class=\"elementor-container elementor-column-gap-default\">\n\t\t\t\t\t<div class=\"elementor-column elementor-col-50 elementor-inner-column elementor-element elementor-element-3885d30\" data-id=\"3885d30\" data-element_type=\"column\" data-e-type=\"column\">\n\t\t\t<div class=\"elementor-widget-wrap elementor-element-populated\">\n\t\t\t\t\t\t<div class=\"elementor-element elementor-element-457680a elementor-widget elementor-widget-counter\" data-id=\"457680a\" data-element_type=\"widget\" data-e-type=\"widget\" data-widget_type=\"counter.default\">\n\t\t\t\t<div class=\"elementor-widget-container\">\n\t\t\t\t\t\t\t<div class=\"elementor-counter\">\n\t\t\t<div class=\"elementor-counter-title\">Gegr\u00fcndet<\/div>\t\t\t<div class=\"elementor-counter-number-wrapper\">\n\t\t\t\t<span class=\"elementor-counter-number-prefix\"><\/span>\n\t\t\t\t<span class=\"elementor-counter-number\" data-duration=\"2000\" data-to-value=\"2004\" data-from-value=\"2022\">2022<\/span>\n\t\t\t\t<span class=\"elementor-counter-number-suffix\"><\/span>\n\t\t\t<\/div>\n\t\t<\/div>\n\t\t\t\t\t\t<\/div>\n\t\t\t\t<\/div>\n\t\t\t\t\t<\/div>\n\t\t<\/div>\n\t\t\t\t<div class=\"elementor-column elementor-col-50 elementor-inner-column elementor-element elementor-element-bd79323\" data-id=\"bd79323\" data-element_type=\"column\" data-e-type=\"column\">\n\t\t\t<div class=\"elementor-widget-wrap elementor-element-populated\">\n\t\t\t\t\t\t<div class=\"elementor-element elementor-element-889e5bc elementor-widget elementor-widget-counter\" data-id=\"889e5bc\" data-element_type=\"widget\" data-e-type=\"widget\" data-widget_type=\"counter.default\">\n\t\t\t\t<div class=\"elementor-widget-container\">\n\t\t\t\t\t\t\t<div class=\"elementor-counter\">\n\t\t\t<div class=\"elementor-counter-title\">Stammtische<\/div>\t\t\t<div class=\"elementor-counter-number-wrapper\">\n\t\t\t\t<span class=\"elementor-counter-number-prefix\"><\/span>\n\t\t\t\t<span class=\"elementor-counter-number\" data-duration=\"2000\" data-to-value=\"50\" data-from-value=\"0\">0<\/span>\n\t\t\t\t<span class=\"elementor-counter-number-suffix\"><\/span>\n\t\t\t<\/div>\n\t\t<\/div>\n\t\t\t\t\t\t<\/div>\n\t\t\t\t<\/div>\n\t\t\t\t\t<\/div>\n\t\t<\/div>\n\t\t\t\t\t<\/div>\n\t\t<\/section>\n\t\t\t\t<div class=\"elementor-element elementor-element-3727832 elementor-widget elementor-widget-spacer\" data-id=\"3727832\" data-element_type=\"widget\" data-e-type=\"widget\" data-widget_type=\"spacer.default\">\n\t\t\t\t<div class=\"elementor-widget-container\">\n\t\t\t\t\t\t\t<div class=\"elementor-spacer\">\n\t\t\t<div class=\"elementor-spacer-inner\"><\/div>\n\t\t<\/div>\n\t\t\t\t\t\t<\/div>\n\t\t\t\t<\/div>\n\t\t\t\t<div class=\"elementor-element elementor-element-5d48442 elementor-widget elementor-widget-text-editor\" data-id=\"5d48442\" data-element_type=\"widget\" data-e-type=\"widget\" data-widget_type=\"text-editor.default\">\n\t\t\t\t<div class=\"elementor-widget-container\">\n\t\t\t\t\t\t\t\t\t<p>H2Gate veranstaltet regelm\u00e4\u00dfige Stammtische rund um das Thema Wasserstoff und Brennstoffzellen. Seit 2004 widmet sich H2Gate den H2\/BZ-Technologien, f\u00f6rdert, vermittelt, ber\u00e4t und erm\u00f6glicht Interessierten den Zugang in ein gro\u00dfes Netzwerk dieser Branche.<\/p>\t\t\t\t\t\t\t\t<\/div>\n\t\t\t\t<\/div>\n\t\t\t\t<div class=\"elementor-element elementor-element-d200327 elementor-widget elementor-widget-heading\" data-id=\"d200327\" data-element_type=\"widget\" data-e-type=\"widget\" data-widget_type=\"heading.default\">\n\t\t\t\t<div class=\"elementor-widget-container\">\n\t\t\t\t\t<h2 class=\"elementor-heading-title elementor-size-default\">H2Gate vernetzt<\/h2>\t\t\t\t<\/div>\n\t\t\t\t<\/div>\n\t\t\t\t<div class=\"elementor-element elementor-element-1d3ed91 elementor-widget elementor-widget-text-editor\" data-id=\"1d3ed91\" data-element_type=\"widget\" data-e-type=\"widget\" data-widget_type=\"text-editor.default\">\n\t\t\t\t<div class=\"elementor-widget-container\">\n\t\t\t\t\t\t\t\t\t<p>Bei den regelm\u00e4\u00dfig stattfindenden Stammtischen in Hamburg, k\u00f6nnen Sie sich vor Ort vernetzen. Informieren Sie sich <a href=\"https:\/\/h2gate.com\/stammtisch\/\"><u>hier<\/u><\/a> \u00fcber den n\u00e4chsten Termin.<\/p>\t\t\t\t\t\t\t\t<\/div>\n\t\t\t\t<\/div>\n\t\t\t\t<div class=\"elementor-element elementor-element-20e4b1d elementor-widget elementor-widget-heading\" data-id=\"20e4b1d\" data-element_type=\"widget\" data-e-type=\"widget\" data-widget_type=\"heading.default\">\n\t\t\t\t<div class=\"elementor-widget-container\">\n\t\t\t\t\t<h2 class=\"elementor-heading-title elementor-size-default\">H2Gate f\u00f6rdert<\/h2>\t\t\t\t<\/div>\n\t\t\t\t<\/div>\n\t\t\t\t<div class=\"elementor-element elementor-element-b385781 elementor-widget elementor-widget-text-editor\" data-id=\"b385781\" data-element_type=\"widget\" data-e-type=\"widget\" data-widget_type=\"text-editor.default\">\n\t\t\t\t<div class=\"elementor-widget-container\">\n\t\t\t\t\t\t\t\t\t<p>Sie brauchen Hilfe in der F\u00f6rderlandschaft? Wir k\u00f6nnen helfen.<\/p>\t\t\t\t\t\t\t\t<\/div>\n\t\t\t\t<\/div>\n\t\t\t\t<div class=\"elementor-element elementor-element-8ce1bd8 elementor-widget elementor-widget-heading\" data-id=\"8ce1bd8\" data-element_type=\"widget\" data-e-type=\"widget\" data-widget_type=\"heading.default\">\n\t\t\t\t<div class=\"elementor-widget-container\">\n\t\t\t\t\t<h2 class=\"elementor-heading-title elementor-size-default\">H2Gate vermittelt<\/h2>\t\t\t\t<\/div>\n\t\t\t\t<\/div>\n\t\t\t\t<div class=\"elementor-element elementor-element-19f0f06 elementor-widget elementor-widget-text-editor\" data-id=\"19f0f06\" data-element_type=\"widget\" data-e-type=\"widget\" data-widget_type=\"text-editor.default\">\n\t\t\t\t<div class=\"elementor-widget-container\">\n\t\t\t\t\t\t\t\t\t<p>Sie brauchen Kontakte zu m\u00f6glichen Gesch\u00e4fts- und\/oder Kooperationspartnern oder ben\u00f6tigen Kapital f\u00fcr Ihr Start-Up oder Unternehmen? Kontaktieren Sie uns.<\/p>\t\t\t\t\t\t\t\t<\/div>\n\t\t\t\t<\/div>\n\t\t\t\t<div class=\"elementor-element elementor-element-e2f6d2e elementor-widget elementor-widget-heading\" data-id=\"e2f6d2e\" data-element_type=\"widget\" data-e-type=\"widget\" data-widget_type=\"heading.default\">\n\t\t\t\t<div class=\"elementor-widget-container\">\n\t\t\t\t\t<h2 class=\"elementor-heading-title elementor-size-default\">H2Gate ber\u00e4t<\/h2>\t\t\t\t<\/div>\n\t\t\t\t<\/div>\n\t\t\t\t<div class=\"elementor-element elementor-element-f300cfb elementor-widget elementor-widget-text-editor\" data-id=\"f300cfb\" data-element_type=\"widget\" data-e-type=\"widget\" data-widget_type=\"text-editor.default\">\n\t\t\t\t<div class=\"elementor-widget-container\">\n\t\t\t\t\t\t\t\t\t<p>Sie suchen Unterst\u00fctzung bei der Identifizierung des Marktes oder Ihrer Marktpositionierung? Wir helfen gern.<\/p><p>\u00a0<\/p>\t\t\t\t\t\t\t\t<\/div>\n\t\t\t\t<\/div>\n\t\t\t\t<div class=\"elementor-element elementor-element-b227ae6 elementor-widget elementor-widget-text-editor\" data-id=\"b227ae6\" data-element_type=\"widget\" data-e-type=\"widget\" data-widget_type=\"text-editor.default\">\n\t\t\t\t<div class=\"elementor-widget-container\">\n\t\t\t\t\t\t\t\t\t<p><img decoding=\"async\" class=\"alignnone wp-image-1201\" src=\"https:\/\/h2gate.com\/wp-content\/uploads\/2022\/06\/SDG-cirlcle_RGB-scaled-e1656588018167-300x300.jpg\" alt=\"\" width=\"135\" height=\"135\" \/><\/p><p>Wir unterst\u00fctzen die\u00a0<b>17<\/b>\u00a0<strong>globalen<\/strong>\u00a0<b>Ziele f\u00fcr nachhaltige Entwicklung<\/b>\u00a0der Agenda 2030, die Sustainable Development Goals (SDGs). Sie richten sich an alle: die Regierungen weltweit, aber auch die Zivilgesellschaft, die Privatwirtschaft und die Wissenschaft.<\/p>\t\t\t\t\t\t\t\t<\/div>\n\t\t\t\t<\/div>\n\t\t\t\t\t<\/div>\n\t\t<\/div>\n\t\t\t\t\t<\/div>\n\t\t<\/section>\n\t\t\t\t<section class=\"elementor-section elementor-top-section elementor-element elementor-element-c3684f7 elementor-section-boxed elementor-section-height-default elementor-section-height-default\" data-id=\"c3684f7\" data-element_type=\"section\" data-e-type=\"section\">\n\t\t\t\t\t\t<div class=\"elementor-container elementor-column-gap-default\">\n\t\t\t\t\t<div class=\"elementor-column elementor-col-100 elementor-top-column elementor-element elementor-element-dc7b86e\" data-id=\"dc7b86e\" data-element_type=\"column\" data-e-type=\"column\">\n\t\t\t<div class=\"elementor-widget-wrap elementor-element-populated\">\n\t\t\t\t\t\t\t<\/div>\n\t\t<\/div>\n\t\t\t\t\t<\/div>\n\t\t<\/section>\n\t\t\t\t<\/div>\n\t\t","protected":false},"excerpt":{"rendered":"<p>Willkommen bei H2Gate Das Netzwerk f\u00fcr die Wasserstoff- und Brennstoffzellentechnologie Mehr erfahren \u00dcber H2Gate 2022 Gegr\u00fcndet 0 Stammtische H2Gate veranstaltet regelm\u00e4\u00dfige Stammtische rund um das Thema Wasserstoff und Brennstoffzellen. Seit 2004 widmet sich H2Gate den H2\/BZ-Technologien, f\u00f6rdert, vermittelt, ber\u00e4t und erm\u00f6glicht Interessierten den Zugang in ein gro\u00dfes Netzwerk dieser Branche. H2Gate vernetzt Bei den regelm\u00e4\u00dfig [&hellip;]<\/p>\n","protected":false},"author":1,"featured_media":0,"parent":0,"menu_order":0,"comment_status":"closed","ping_status":"closed","template":"elementor_header_footer","meta":{"_monsterinsights_skip_tracking":false,"_monsterinsights_sitenote_active":false,"_monsterinsights_sitenote_note":"","_monsterinsights_sitenote_category":0,"footnotes":""},"class_list":["post-39","page","type-page","status-publish","hentry"],"yoast_head":"<!-- This site is optimized with the Yoast SEO plugin v27.6 - https:\/\/yoast.com\/product\/yoast-seo-wordpress\/ -->\n<title>Home - H2Gate<\/title>\n<meta name=\"robots\" content=\"index, follow, max-snippet:-1, max-image-preview:large, max-video-preview:-1\" \/>\n<link rel=\"canonical\" href=\"https:\/\/h2gate.com\/en\/\" \/>\n<meta property=\"og:locale\" content=\"en_GB\" \/>\n<meta property=\"og:type\" content=\"article\" \/>\n<meta property=\"og:title\" content=\"Home - H2Gate\" \/>\n<meta property=\"og:description\" content=\"Willkommen bei H2Gate Das Netzwerk f\u00fcr die Wasserstoff- und Brennstoffzellentechnologie Mehr erfahren \u00dcber H2Gate 2022 Gegr\u00fcndet 0 Stammtische H2Gate veranstaltet regelm\u00e4\u00dfige Stammtische rund um das Thema Wasserstoff und Brennstoffzellen. Seit 2004 widmet sich H2Gate den H2\/BZ-Technologien, f\u00f6rdert, vermittelt, ber\u00e4t und erm\u00f6glicht Interessierten den Zugang in ein gro\u00dfes Netzwerk dieser Branche. H2Gate vernetzt Bei den regelm\u00e4\u00dfig [&hellip;]\" \/>\n<meta property=\"og:url\" content=\"https:\/\/h2gate.com\/en\/\" \/>\n<meta property=\"og:site_name\" content=\"H2Gate\" \/>\n<meta property=\"article:modified_time\" content=\"2022-09-28T18:33:36+00:00\" \/>\n<meta property=\"og:image\" content=\"https:\/\/h2gate.com\/wp-content\/uploads\/2022\/06\/SDG-cirlcle_RGB-scaled-e1656588018167-300x300.jpg\" \/>\n<meta name=\"twitter:card\" content=\"summary_large_image\" \/>\n<script type=\"application\/ld+json\" class=\"yoast-schema-graph\">{\"@context\":\"https:\\\/\\\/schema.org\",\"@graph\":[{\"@type\":\"WebPage\",\"@id\":\"https:\\\/\\\/h2gate.com\\\/\",\"url\":\"https:\\\/\\\/h2gate.com\\\/\",\"name\":\"Home - H2Gate\",\"isPartOf\":{\"@id\":\"https:\\\/\\\/h2gate.com\\\/en\\\/#website\"},\"primaryImageOfPage\":{\"@id\":\"https:\\\/\\\/h2gate.com\\\/#primaryimage\"},\"image\":{\"@id\":\"https:\\\/\\\/h2gate.com\\\/#primaryimage\"},\"thumbnailUrl\":\"https:\\\/\\\/h2gate.com\\\/wp-content\\\/uploads\\\/2022\\\/06\\\/SDG-cirlcle_RGB-scaled-e1656588018167-300x300.jpg\",\"datePublished\":\"2022-04-27T16:08:11+00:00\",\"dateModified\":\"2022-09-28T18:33:36+00:00\",\"breadcrumb\":{\"@id\":\"https:\\\/\\\/h2gate.com\\\/#breadcrumb\"},\"inLanguage\":\"en-GB\",\"potentialAction\":[{\"@type\":\"ReadAction\",\"target\":[\"https:\\\/\\\/h2gate.com\\\/\"]}]},{\"@type\":\"ImageObject\",\"inLanguage\":\"en-GB\",\"@id\":\"https:\\\/\\\/h2gate.com\\\/#primaryimage\",\"url\":\"https:\\\/\\\/h2gate.com\\\/wp-content\\\/uploads\\\/2022\\\/06\\\/SDG-cirlcle_RGB-scaled-e1656588018167-300x300.jpg\",\"contentUrl\":\"https:\\\/\\\/h2gate.com\\\/wp-content\\\/uploads\\\/2022\\\/06\\\/SDG-cirlcle_RGB-scaled-e1656588018167-300x300.jpg\"},{\"@type\":\"BreadcrumbList\",\"@id\":\"https:\\\/\\\/h2gate.com\\\/#breadcrumb\",\"itemListElement\":[{\"@type\":\"ListItem\",\"position\":1,\"name\":\"Home\",\"item\":\"https:\\\/\\\/h2gate.com\\\/\"},{\"@type\":\"ListItem\",\"position\":2,\"name\":\"Home\"}]},{\"@type\":\"WebSite\",\"@id\":\"https:\\\/\\\/h2gate.com\\\/en\\\/#website\",\"url\":\"https:\\\/\\\/h2gate.com\\\/en\\\/\",\"name\":\"H2Gate\",\"description\":\"H2Gate vernetzt, f\u00f6rdert, vermittelt, ber\u00e4t\",\"publisher\":{\"@id\":\"https:\\\/\\\/h2gate.com\\\/en\\\/#organization\"},\"potentialAction\":[{\"@type\":\"SearchAction\",\"target\":{\"@type\":\"EntryPoint\",\"urlTemplate\":\"https:\\\/\\\/h2gate.com\\\/en\\\/?s={search_term_string}\"},\"query-input\":{\"@type\":\"PropertyValueSpecification\",\"valueRequired\":true,\"valueName\":\"search_term_string\"}}],\"inLanguage\":\"en-GB\"},{\"@type\":\"Organization\",\"@id\":\"https:\\\/\\\/h2gate.com\\\/en\\\/#organization\",\"name\":\"H2Gate\",\"url\":\"https:\\\/\\\/h2gate.com\\\/en\\\/\",\"logo\":{\"@type\":\"ImageObject\",\"inLanguage\":\"en-GB\",\"@id\":\"https:\\\/\\\/h2gate.com\\\/en\\\/#\\\/schema\\\/logo\\\/image\\\/\",\"url\":\"https:\\\/\\\/h2gate.com\\\/wp-content\\\/uploads\\\/2022\\\/04\\\/H2-Gate_4c.png\",\"contentUrl\":\"https:\\\/\\\/h2gate.com\\\/wp-content\\\/uploads\\\/2022\\\/04\\\/H2-Gate_4c.png\",\"width\":320,\"height\":187,\"caption\":\"H2Gate\"},\"image\":{\"@id\":\"https:\\\/\\\/h2gate.com\\\/en\\\/#\\\/schema\\\/logo\\\/image\\\/\"},\"sameAs\":[\"https:\\\/\\\/instagram.com\\\/h2gate\"]}]}<\/script>\n<!-- \/ Yoast SEO plugin. -->","yoast_head_json":{"title":"Home - H2Gate","robots":{"index":"index","follow":"follow","max-snippet":"max-snippet:-1","max-image-preview":"max-image-preview:large","max-video-preview":"max-video-preview:-1"},"canonical":"https:\/\/h2gate.com\/en\/","og_locale":"en_GB","og_type":"article","og_title":"Home - H2Gate","og_description":"Willkommen bei H2Gate Das Netzwerk f\u00fcr die Wasserstoff- und Brennstoffzellentechnologie Mehr erfahren \u00dcber H2Gate 2022 Gegr\u00fcndet 0 Stammtische H2Gate veranstaltet regelm\u00e4\u00dfige Stammtische rund um das Thema Wasserstoff und Brennstoffzellen. Seit 2004 widmet sich H2Gate den H2\/BZ-Technologien, f\u00f6rdert, vermittelt, ber\u00e4t und erm\u00f6glicht Interessierten den Zugang in ein gro\u00dfes Netzwerk dieser Branche. H2Gate vernetzt Bei den regelm\u00e4\u00dfig [&hellip;]","og_url":"https:\/\/h2gate.com\/en\/","og_site_name":"H2Gate","article_modified_time":"2022-09-28T18:33:36+00:00","og_image":[{"url":"https:\/\/h2gate.com\/wp-content\/uploads\/2022\/06\/SDG-cirlcle_RGB-scaled-e1656588018167-300x300.jpg","type":"","width":"","height":""}],"twitter_card":"summary_large_image","schema":{"@context":"https:\/\/schema.org","@graph":[{"@type":"WebPage","@id":"https:\/\/h2gate.com\/","url":"https:\/\/h2gate.com\/","name":"Home - H2Gate","isPartOf":{"@id":"https:\/\/h2gate.com\/en\/#website"},"primaryImageOfPage":{"@id":"https:\/\/h2gate.com\/#primaryimage"},"image":{"@id":"https:\/\/h2gate.com\/#primaryimage"},"thumbnailUrl":"https:\/\/h2gate.com\/wp-content\/uploads\/2022\/06\/SDG-cirlcle_RGB-scaled-e1656588018167-300x300.jpg","datePublished":"2022-04-27T16:08:11+00:00","dateModified":"2022-09-28T18:33:36+00:00","breadcrumb":{"@id":"https:\/\/h2gate.com\/#breadcrumb"},"inLanguage":"en-GB","potentialAction":[{"@type":"ReadAction","target":["https:\/\/h2gate.com\/"]}]},{"@type":"ImageObject","inLanguage":"en-GB","@id":"https:\/\/h2gate.com\/#primaryimage","url":"https:\/\/h2gate.com\/wp-content\/uploads\/2022\/06\/SDG-cirlcle_RGB-scaled-e1656588018167-300x300.jpg","contentUrl":"https:\/\/h2gate.com\/wp-content\/uploads\/2022\/06\/SDG-cirlcle_RGB-scaled-e1656588018167-300x300.jpg"},{"@type":"BreadcrumbList","@id":"https:\/\/h2gate.com\/#breadcrumb","itemListElement":[{"@type":"ListItem","position":1,"name":"Home","item":"https:\/\/h2gate.com\/"},{"@type":"ListItem","position":2,"name":"Home"}]},{"@type":"WebSite","@id":"https:\/\/h2gate.com\/en\/#website","url":"https:\/\/h2gate.com\/en\/","name":"H2Gate","description":"H2Gate vernetzt, f\u00f6rdert, vermittelt, ber\u00e4t","publisher":{"@id":"https:\/\/h2gate.com\/en\/#organization"},"potentialAction":[{"@type":"SearchAction","target":{"@type":"EntryPoint","urlTemplate":"https:\/\/h2gate.com\/en\/?s={search_term_string}"},"query-input":{"@type":"PropertyValueSpecification","valueRequired":true,"valueName":"search_term_string"}}],"inLanguage":"en-GB"},{"@type":"Organization","@id":"https:\/\/h2gate.com\/en\/#organization","name":"H2Gate","url":"https:\/\/h2gate.com\/en\/","logo":{"@type":"ImageObject","inLanguage":"en-GB","@id":"https:\/\/h2gate.com\/en\/#\/schema\/logo\/image\/","url":"https:\/\/h2gate.com\/wp-content\/uploads\/2022\/04\/H2-Gate_4c.png","contentUrl":"https:\/\/h2gate.com\/wp-content\/uploads\/2022\/04\/H2-Gate_4c.png","width":320,"height":187,"caption":"H2Gate"},"image":{"@id":"https:\/\/h2gate.com\/en\/#\/schema\/logo\/image\/"},"sameAs":["https:\/\/instagram.com\/h2gate"]}]}},"_links":{"self":[{"href":"https:\/\/h2gate.com\/en\/wp-json\/wp\/v2\/pages\/39","targetHints":{"allow":["GET"]}}],"collection":[{"href":"https:\/\/h2gate.com\/en\/wp-json\/wp\/v2\/pages"}],"about":[{"href":"https:\/\/h2gate.com\/en\/wp-json\/wp\/v2\/types\/page"}],"author":[{"embeddable":true,"href":"https:\/\/h2gate.com\/en\/wp-json\/wp\/v2\/users\/1"}],"replies":[{"embeddable":true,"href":"https:\/\/h2gate.com\/en\/wp-json\/wp\/v2\/comments?post=39"}],"version-history":[{"count":10,"href":"https:\/\/h2gate.com\/en\/wp-json\/wp\/v2\/pages\/39\/revisions"}],"predecessor-version":[{"id":1703,"href":"https:\/\/h2gate.com\/en\/wp-json\/wp\/v2\/pages\/39\/revisions\/1703"}],"wp:attachment":[{"href":"https:\/\/h2gate.com\/en\/wp-json\/wp\/v2\/media?parent=39"}],"curies":[{"name":"wp","href":"https:\/\/api.w.org\/{rel}","templated":true}]}}