{"id":523,"date":"2022-04-30T08:37:42","date_gmt":"2022-04-30T08:37:42","guid":{"rendered":"https:\/\/h2stammtisch.com\/?page_id=523"},"modified":"2022-07-14T10:28:21","modified_gmt":"2022-07-14T10:28:21","slug":"news","status":"publish","type":"page","link":"https:\/\/h2gate.com\/en\/news\/","title":{"rendered":"News"},"content":{"rendered":"<div data-elementor-type=\"wp-page\" data-elementor-id=\"523\" class=\"elementor elementor-523\" data-elementor-post-type=\"page\">\n\t\t\t\t\t\t<section class=\"elementor-section elementor-top-section elementor-element elementor-element-6638eb07 elementor-section-boxed elementor-section-height-default elementor-section-height-default\" data-id=\"6638eb07\" data-element_type=\"section\" data-e-type=\"section\">\n\t\t\t\t\t\t<div class=\"elementor-container elementor-column-gap-default\">\n\t\t\t\t\t<div class=\"elementor-column elementor-col-100 elementor-top-column elementor-element elementor-element-42c5e693\" data-id=\"42c5e693\" data-element_type=\"column\" data-e-type=\"column\">\n\t\t\t<div class=\"elementor-widget-wrap elementor-element-populated\">\n\t\t\t\t\t\t<div class=\"elementor-element elementor-element-9aef79 elementor-widget elementor-widget-spacer\" data-id=\"9aef79\" data-element_type=\"widget\" data-e-type=\"widget\" data-widget_type=\"spacer.default\">\n\t\t\t\t<div class=\"elementor-widget-container\">\n\t\t\t\t\t\t\t<div class=\"elementor-spacer\">\n\t\t\t<div class=\"elementor-spacer-inner\"><\/div>\n\t\t<\/div>\n\t\t\t\t\t\t<\/div>\n\t\t\t\t<\/div>\n\t\t\t\t<div class=\"elementor-element elementor-element-58cf659f elementor-headline--style-highlight elementor-widget elementor-widget-animated-headline\" data-id=\"58cf659f\" data-element_type=\"widget\" data-e-type=\"widget\" data-settings=\"{&quot;marker&quot;:&quot;underline&quot;,&quot;highlighted_text&quot;:&quot;News&quot;,&quot;headline_style&quot;:&quot;highlight&quot;,&quot;loop&quot;:&quot;yes&quot;,&quot;highlight_animation_duration&quot;:1200,&quot;highlight_iteration_delay&quot;:8000}\" data-widget_type=\"animated-headline.default\">\n\t\t\t\t<div class=\"elementor-widget-container\">\n\t\t\t\t\t\t\t<h3 class=\"elementor-headline\">\n\t\t\t\t<span class=\"elementor-headline-dynamic-wrapper elementor-headline-text-wrapper\">\n\t\t\t\t\t<span class=\"elementor-headline-dynamic-text elementor-headline-text-active\">News<\/span>\n\t\t\t\t<\/span>\n\t\t\t\t<\/h3>\n\t\t\t\t\t\t<\/div>\n\t\t\t\t<\/div>\n\t\t\t\t\t<\/div>\n\t\t<\/div>\n\t\t\t\t\t<\/div>\n\t\t<\/section>\n\t\t\t\t<section class=\"elementor-section elementor-top-section elementor-element elementor-element-e5341d7 elementor-section-boxed elementor-section-height-default elementor-section-height-default\" data-id=\"e5341d7\" data-element_type=\"section\" data-e-type=\"section\">\n\t\t\t\t\t\t<div class=\"elementor-container elementor-column-gap-default\">\n\t\t\t\t\t<div class=\"elementor-column elementor-col-100 elementor-top-column elementor-element elementor-element-83550b9\" data-id=\"83550b9\" data-element_type=\"column\" data-e-type=\"column\">\n\t\t\t<div class=\"elementor-widget-wrap elementor-element-populated\">\n\t\t\t\t\t\t<div class=\"elementor-element elementor-element-56ecb13 elementor-widget elementor-widget-text-editor\" data-id=\"56ecb13\" data-element_type=\"widget\" data-e-type=\"widget\" data-widget_type=\"text-editor.default\">\n\t\t\t\t<div class=\"elementor-widget-container\">\n\t\t\t\t\t\t\t\t\t<p>News aus der H2\/BZ-Branche<\/p>\t\t\t\t\t\t\t\t<\/div>\n\t\t\t\t<\/div>\n\t\t\t\t<div class=\"elementor-element elementor-element-d8540c6 elementor-posts--thumbnail-none elementor-posts--align-left elementor-grid-2 elementor-grid-tablet-2 elementor-grid-mobile-1 elementor-card-shadow-yes elementor-posts__hover-gradient elementor-widget elementor-widget-posts\" data-id=\"d8540c6\" data-element_type=\"widget\" data-e-type=\"widget\" data-settings=\"{&quot;pagination_type&quot;:&quot;numbers&quot;,&quot;cards_columns&quot;:&quot;2&quot;,&quot;cards_columns_tablet&quot;:&quot;2&quot;,&quot;cards_columns_mobile&quot;:&quot;1&quot;,&quot;cards_row_gap&quot;:{&quot;unit&quot;:&quot;px&quot;,&quot;size&quot;:35,&quot;sizes&quot;:[]},&quot;cards_row_gap_tablet&quot;:{&quot;unit&quot;:&quot;px&quot;,&quot;size&quot;:&quot;&quot;,&quot;sizes&quot;:[]},&quot;cards_row_gap_mobile&quot;:{&quot;unit&quot;:&quot;px&quot;,&quot;size&quot;:&quot;&quot;,&quot;sizes&quot;:[]}}\" data-widget_type=\"posts.cards\">\n\t\t\t\t<div class=\"elementor-widget-container\">\n\t\t\t\t\t\t\t<div class=\"elementor-posts-container elementor-posts elementor-posts--skin-cards elementor-grid\">\n\t\t\t\t<article class=\"elementor-post elementor-grid-item post-1759 post type-post status-publish format-standard hentry category-post\">\n\t\t\t<div class=\"elementor-post__card\">\n\t\t\t\t<div class=\"elementor-post__text\">\n\t\t\t\t<h3 class=\"elementor-post__title\">\n\t\t\t<a href=\"https:\/\/h2gate.com\/en\/news\/was-benoetigt-der-internationale-markthochlauf-von-wasserstoff-energiepartnerschaften-fuer-den-wasserstoffimport-und-anforderungen-an-die-zertifizierungssysteme\/\" >\n\t\t\t\t&#8222;Was ben\u00f6tigt der internationale Markthochlauf von Wasserstoff? Energiepartnerschaften f\u00fcr den Wasserstoffimport und Anforderungen an die Zertifizierungssysteme&#8220;\t\t\t<\/a>\n\t\t<\/h3>\n\t\t\t\t<div class=\"elementor-post__excerpt\">\n\t\t\t<p>EEH-Konferenz am 4. November 2022 Moderiert von Frau Dr. Michaela \u00d6lschl\u00e4ger, Leiterin Gesch\u00e4ftsbereich Innovation &amp; Neue M\u00e4rkte, Handelskammer Hamburg \/ Wasserstoffgesellschaft Hamburg, fand in der<\/p>\n\t\t<\/div>\n\t\t\t\t\t<div class=\"elementor-post__read-more-wrapper\">\n\t\t\n\t\t<a class=\"elementor-post__read-more\" href=\"https:\/\/h2gate.com\/en\/news\/was-benoetigt-der-internationale-markthochlauf-von-wasserstoff-energiepartnerschaften-fuer-den-wasserstoffimport-und-anforderungen-an-die-zertifizierungssysteme\/\" aria-label=\"Read more about &#8222;Was ben\u00f6tigt der internationale Markthochlauf von Wasserstoff? Energiepartnerschaften f\u00fcr den Wasserstoffimport und Anforderungen an die Zertifizierungssysteme&#8220;\" tabindex=\"-1\" >\n\t\t\tRead More \u00bb\t\t<\/a>\n\n\t\t\t\t\t<\/div>\n\t\t\t\t<\/div>\n\t\t\t\t<div class=\"elementor-post__meta-data\">\n\t\t\t\t\t<span class=\"elementor-post-author\">\n\t\t\tBernd Schmidt\t\t<\/span>\n\t\t\t\t<span class=\"elementor-post-date\">\n\t\t\tNovember 8, 2022\t\t<\/span>\n\t\t\t\t<\/div>\n\t\t\t\t\t<\/div>\n\t\t<\/article>\n\t\t\t\t<article class=\"elementor-post elementor-grid-item post-1757 post type-post status-publish format-standard hentry category-post\">\n\t\t\t<div class=\"elementor-post__card\">\n\t\t\t\t<div class=\"elementor-post__text\">\n\t\t\t\t<h3 class=\"elementor-post__title\">\n\t\t\t<a href=\"https:\/\/h2gate.com\/en\/news\/zal-stellt-sechs-neue-projekte-fuer-die-nachhaltigkeit-in-der-luftfahrt-vor\/\" >\n\t\t\t\tZAL stellt sechs neue Projekte f\u00fcr die Nachhaltigkeit in der Luftfahrt vor\t\t\t<\/a>\n\t\t<\/h3>\n\t\t\t\t<div class=\"elementor-post__excerpt\">\n\t\t\t<p>Vier davon sind wasserstofforientiert! GATE (Green Aviation Technologies) ist ein F\u00f6rderprogramm der Hansestadt Hamburg, eine der weltweit gr\u00f6\u00dften Luftfahrstandorte, um das kommerzielle Fliegen nachhaltiger und<\/p>\n\t\t<\/div>\n\t\t\t\t\t<div class=\"elementor-post__read-more-wrapper\">\n\t\t\n\t\t<a class=\"elementor-post__read-more\" href=\"https:\/\/h2gate.com\/en\/news\/zal-stellt-sechs-neue-projekte-fuer-die-nachhaltigkeit-in-der-luftfahrt-vor\/\" aria-label=\"Read more about ZAL stellt sechs neue Projekte f\u00fcr die Nachhaltigkeit in der Luftfahrt vor\" tabindex=\"-1\" >\n\t\t\tRead More \u00bb\t\t<\/a>\n\n\t\t\t\t\t<\/div>\n\t\t\t\t<\/div>\n\t\t\t\t<div class=\"elementor-post__meta-data\">\n\t\t\t\t\t<span class=\"elementor-post-author\">\n\t\t\tBernd Schmidt\t\t<\/span>\n\t\t\t\t<span class=\"elementor-post-date\">\n\t\t\tNovember 3, 2022\t\t<\/span>\n\t\t\t\t<\/div>\n\t\t\t\t\t<\/div>\n\t\t<\/article>\n\t\t\t\t<article class=\"elementor-post elementor-grid-item post-1752 post type-post status-publish format-standard hentry category-post\">\n\t\t\t<div class=\"elementor-post__card\">\n\t\t\t\t<div class=\"elementor-post__text\">\n\t\t\t\t<h3 class=\"elementor-post__title\">\n\t\t\t<a href=\"https:\/\/h2gate.com\/en\/news\/hydrogen-technology-expo-europe-2022\/\" >\n\t\t\t\tHYDROGEN Technology EXPO EUROPE 2022\t\t\t<\/a>\n\t\t<\/h3>\n\t\t\t\t<div class=\"elementor-post__excerpt\">\n\t\t\t<p>Vom 19ten bis zum 20ten Oktober 2022 fand die zweite Hydrogen World Expo in Bremen statt. Mit \u00fcber 14.000 qm und um die 350 Aussteller:innen<\/p>\n\t\t<\/div>\n\t\t\t\t\t<div class=\"elementor-post__read-more-wrapper\">\n\t\t\n\t\t<a class=\"elementor-post__read-more\" href=\"https:\/\/h2gate.com\/en\/news\/hydrogen-technology-expo-europe-2022\/\" aria-label=\"Read more about HYDROGEN Technology EXPO EUROPE 2022\" tabindex=\"-1\" >\n\t\t\tRead More \u00bb\t\t<\/a>\n\n\t\t\t\t\t<\/div>\n\t\t\t\t<\/div>\n\t\t\t\t<div class=\"elementor-post__meta-data\">\n\t\t\t\t\t<span class=\"elementor-post-author\">\n\t\t\tBernd Schmidt\t\t<\/span>\n\t\t\t\t<span class=\"elementor-post-date\">\n\t\t\tOctober 23, 2022\t\t<\/span>\n\t\t\t\t<\/div>\n\t\t\t\t\t<\/div>\n\t\t<\/article>\n\t\t\t\t<article class=\"elementor-post elementor-grid-item post-1749 post type-post status-publish format-standard hentry category-post\">\n\t\t\t<div class=\"elementor-post__card\">\n\t\t\t\t<div class=\"elementor-post__text\">\n\t\t\t\t<h3 class=\"elementor-post__title\">\n\t\t\t<a href=\"https:\/\/h2gate.com\/en\/news\/air-products-investiert-knapp-500-millionen-dollar-in-wasserstoffproduktionsanlage\/\" >\n\t\t\t\tAir Products investiert knapp 500 Millionen Dollar in Wasserstoffproduktionsanlage\t\t\t<\/a>\n\t\t<\/h3>\n\t\t\t\t<div class=\"elementor-post__excerpt\">\n\t\t\t<p>Air Products investiert rund 500 Millionen US-Dollar in den Bau und den Betrieb einer Anlage zur Herstellung von gr\u00fcnem Fl\u00fcssigwasserstoff mit einer Kapazit\u00e4t von 35<\/p>\n\t\t<\/div>\n\t\t\t\t\t<div class=\"elementor-post__read-more-wrapper\">\n\t\t\n\t\t<a class=\"elementor-post__read-more\" href=\"https:\/\/h2gate.com\/en\/news\/air-products-investiert-knapp-500-millionen-dollar-in-wasserstoffproduktionsanlage\/\" aria-label=\"Read more about Air Products investiert knapp 500 Millionen Dollar in Wasserstoffproduktionsanlage\" tabindex=\"-1\" >\n\t\t\tRead More \u00bb\t\t<\/a>\n\n\t\t\t\t\t<\/div>\n\t\t\t\t<\/div>\n\t\t\t\t<div class=\"elementor-post__meta-data\">\n\t\t\t\t\t<span class=\"elementor-post-author\">\n\t\t\tBernd Schmidt\t\t<\/span>\n\t\t\t\t<span class=\"elementor-post-date\">\n\t\t\tOctober 14, 2022\t\t<\/span>\n\t\t\t\t<\/div>\n\t\t\t\t\t<\/div>\n\t\t<\/article>\n\t\t\t\t<article class=\"elementor-post elementor-grid-item post-1697 post type-post status-publish format-standard hentry category-post\">\n\t\t\t<div class=\"elementor-post__card\">\n\t\t\t\t<div class=\"elementor-post__text\">\n\t\t\t\t<h3 class=\"elementor-post__title\">\n\t\t\t<a href=\"https:\/\/h2gate.com\/en\/news\/50-stammtisch\/\" >\n\t\t\t\t50. Wasserstoff- und Brennstoffzellen-Stammtisch in Hamburg\t\t\t<\/a>\n\t\t<\/h3>\n\t\t\t\t<div class=\"elementor-post__excerpt\">\n\t\t\t<p>Nach einer langen coronabedingten Pause fand am letzten Freitag der 50. Wasserstoff- und Brennstoffzellen-Stammtisch von H2Gate in Hamburg statt. Verschiedene Akteure aus der Branche trafen<\/p>\n\t\t<\/div>\n\t\t\t\t\t<div class=\"elementor-post__read-more-wrapper\">\n\t\t\n\t\t<a class=\"elementor-post__read-more\" href=\"https:\/\/h2gate.com\/en\/news\/50-stammtisch\/\" aria-label=\"Read more about 50. Wasserstoff- und Brennstoffzellen-Stammtisch in Hamburg\" tabindex=\"-1\" >\n\t\t\tRead More \u00bb\t\t<\/a>\n\n\t\t\t\t\t<\/div>\n\t\t\t\t<\/div>\n\t\t\t\t<div class=\"elementor-post__meta-data\">\n\t\t\t\t\t<span class=\"elementor-post-author\">\n\t\t\tJulia Makowka\t\t<\/span>\n\t\t\t\t<span class=\"elementor-post-date\">\n\t\t\tSeptember 5, 2022\t\t<\/span>\n\t\t\t\t<\/div>\n\t\t\t\t\t<\/div>\n\t\t<\/article>\n\t\t\t\t<article class=\"elementor-post elementor-grid-item post-1678 post type-post status-publish format-standard hentry category-post\">\n\t\t\t<div class=\"elementor-post__card\">\n\t\t\t\t<div class=\"elementor-post__text\">\n\t\t\t\t<h3 class=\"elementor-post__title\">\n\t\t\t<a href=\"https:\/\/h2gate.com\/en\/news\/die-wasserstoff-mission-des-suedens\/\" >\n\t\t\t\tThe hydrogen mission of the South\t\t\t<\/a>\n\t\t<\/h3>\n\t\t\t\t<div class=\"elementor-post__excerpt\">\n\t\t\t<p>Am Montag, den 29.08.2022, haben die Ministerpr\u00e4sidenten der Bundesl\u00e4nder Baden-W\u00fcrttemberg und Bayern, Kretschmar und S\u00f6der, die Gr\u00fcndung einer Wasserstoff-Allianz angek\u00fcndigt. Sie setzen auf Wasserstoff als<\/p>\n\t\t<\/div>\n\t\t\t\t\t<div class=\"elementor-post__read-more-wrapper\">\n\t\t\n\t\t<a class=\"elementor-post__read-more\" href=\"https:\/\/h2gate.com\/en\/news\/die-wasserstoff-mission-des-suedens\/\" aria-label=\"Read more about Die Wasserstoff-Mission des S\u00fcdens\" tabindex=\"-1\" >\n\t\t\tRead More \u00bb\t\t<\/a>\n\n\t\t\t\t\t<\/div>\n\t\t\t\t<\/div>\n\t\t\t\t<div class=\"elementor-post__meta-data\">\n\t\t\t\t\t<span class=\"elementor-post-author\">\n\t\t\tJulia Makowka\t\t<\/span>\n\t\t\t\t<span class=\"elementor-post-date\">\n\t\t\tSeptember 2, 2022\t\t<\/span>\n\t\t\t\t<\/div>\n\t\t\t\t\t<\/div>\n\t\t<\/article>\n\t\t\t\t<\/div>\n\t\t\n\t\t\t\t<div class=\"e-load-more-anchor\" data-page=\"1\" data-max-page=\"3\" data-next-page=\"https:\/\/h2gate.com\/en\/wp-json\/wp\/v2\/pages\/523\/page\/2\/\"><\/div>\n\t\t\t\t<nav class=\"elementor-pagination\" aria-label=\"Pagination\">\n\t\t\t<span aria-current=\"page\" class=\"page-numbers current\"><span class=\"elementor-screen-only\">Page<\/span>1<\/span>\n<a class=\"page-numbers\" href=\"https:\/\/h2gate.com\/en\/wp-json\/wp\/v2\/pages\/523\/page\/2\/\"><span class=\"elementor-screen-only\">Page<\/span>2<\/a>\n<a class=\"page-numbers\" href=\"https:\/\/h2gate.com\/en\/wp-json\/wp\/v2\/pages\/523\/page\/3\/\"><span class=\"elementor-screen-only\">Page<\/span>3<\/a>\t\t<\/nav>\n\t\t\t\t\t\t<\/div>\n\t\t\t\t<\/div>\n\t\t\t\t\t<\/div>\n\t\t<\/div>\n\t\t\t\t\t<\/div>\n\t\t<\/section>\n\t\t\t\t<section class=\"elementor-section elementor-top-section elementor-element elementor-element-cc63a48 elementor-section-boxed elementor-section-height-default elementor-section-height-default\" data-id=\"cc63a48\" data-element_type=\"section\" data-e-type=\"section\">\n\t\t\t\t\t\t<div class=\"elementor-container elementor-column-gap-default\">\n\t\t\t\t\t<div class=\"elementor-column elementor-col-100 elementor-top-column elementor-element elementor-element-0ed52bf\" data-id=\"0ed52bf\" data-element_type=\"column\" data-e-type=\"column\">\n\t\t\t<div class=\"elementor-widget-wrap\">\n\t\t\t\t\t\t\t<\/div>\n\t\t<\/div>\n\t\t\t\t\t<\/div>\n\t\t<\/section>\n\t\t\t\t<\/div>","protected":false},"excerpt":{"rendered":"<p>News News aus der H2\/BZ-Branche<\/p>","protected":false},"author":1,"featured_media":0,"parent":0,"menu_order":0,"comment_status":"closed","ping_status":"closed","template":"","meta":{"_monsterinsights_skip_tracking":false,"_monsterinsights_sitenote_active":false,"_monsterinsights_sitenote_note":"","_monsterinsights_sitenote_category":0,"footnotes":""},"class_list":["post-523","page","type-page","status-publish","hentry"],"yoast_head":"<!-- This site is optimized with the Yoast SEO plugin v27.5 - https:\/\/yoast.com\/product\/yoast-seo-wordpress\/ -->\n<title>News - H2Gate<\/title>\n<meta name=\"robots\" content=\"index, follow, max-snippet:-1, max-image-preview:large, max-video-preview:-1\" \/>\n<link rel=\"canonical\" href=\"https:\/\/h2gate.com\/en\/news\/\" \/>\n<meta property=\"og:locale\" content=\"en_GB\" \/>\n<meta property=\"og:type\" content=\"article\" \/>\n<meta property=\"og:title\" content=\"News - H2Gate\" \/>\n<meta property=\"og:description\" content=\"News News aus der H2\/BZ-Branche\" \/>\n<meta property=\"og:url\" content=\"https:\/\/h2gate.com\/en\/news\/\" \/>\n<meta property=\"og:site_name\" content=\"H2Gate\" \/>\n<meta property=\"article:modified_time\" content=\"2022-07-14T10:28:21+00:00\" \/>\n<meta name=\"twitter:card\" content=\"summary_large_image\" \/>\n<script type=\"application\/ld+json\" class=\"yoast-schema-graph\">{\"@context\":\"https:\\\/\\\/schema.org\",\"@graph\":[{\"@type\":\"WebPage\",\"@id\":\"https:\\\/\\\/h2gate.com\\\/news\\\/\",\"url\":\"https:\\\/\\\/h2gate.com\\\/news\\\/\",\"name\":\"News - H2Gate\",\"isPartOf\":{\"@id\":\"https:\\\/\\\/h2gate.com\\\/en\\\/#website\"},\"datePublished\":\"2022-04-30T08:37:42+00:00\",\"dateModified\":\"2022-07-14T10:28:21+00:00\",\"breadcrumb\":{\"@id\":\"https:\\\/\\\/h2gate.com\\\/news\\\/#breadcrumb\"},\"inLanguage\":\"en-GB\",\"potentialAction\":[{\"@type\":\"ReadAction\",\"target\":[\"https:\\\/\\\/h2gate.com\\\/news\\\/\"]}]},{\"@type\":\"BreadcrumbList\",\"@id\":\"https:\\\/\\\/h2gate.com\\\/news\\\/#breadcrumb\",\"itemListElement\":[{\"@type\":\"ListItem\",\"position\":1,\"name\":\"Home\",\"item\":\"https:\\\/\\\/h2gate.com\\\/\"},{\"@type\":\"ListItem\",\"position\":2,\"name\":\"News\"}]},{\"@type\":\"WebSite\",\"@id\":\"https:\\\/\\\/h2gate.com\\\/en\\\/#website\",\"url\":\"https:\\\/\\\/h2gate.com\\\/en\\\/\",\"name\":\"H2Gate\",\"description\":\"H2Gate vernetzt, f\u00f6rdert, vermittelt, ber\u00e4t\",\"publisher\":{\"@id\":\"https:\\\/\\\/h2gate.com\\\/en\\\/#organization\"},\"potentialAction\":[{\"@type\":\"SearchAction\",\"target\":{\"@type\":\"EntryPoint\",\"urlTemplate\":\"https:\\\/\\\/h2gate.com\\\/en\\\/?s={search_term_string}\"},\"query-input\":{\"@type\":\"PropertyValueSpecification\",\"valueRequired\":true,\"valueName\":\"search_term_string\"}}],\"inLanguage\":\"en-GB\"},{\"@type\":\"Organization\",\"@id\":\"https:\\\/\\\/h2gate.com\\\/en\\\/#organization\",\"name\":\"H2Gate\",\"url\":\"https:\\\/\\\/h2gate.com\\\/en\\\/\",\"logo\":{\"@type\":\"ImageObject\",\"inLanguage\":\"en-GB\",\"@id\":\"https:\\\/\\\/h2gate.com\\\/en\\\/#\\\/schema\\\/logo\\\/image\\\/\",\"url\":\"https:\\\/\\\/h2gate.com\\\/wp-content\\\/uploads\\\/2022\\\/04\\\/H2-Gate_4c.png\",\"contentUrl\":\"https:\\\/\\\/h2gate.com\\\/wp-content\\\/uploads\\\/2022\\\/04\\\/H2-Gate_4c.png\",\"width\":320,\"height\":187,\"caption\":\"H2Gate\"},\"image\":{\"@id\":\"https:\\\/\\\/h2gate.com\\\/en\\\/#\\\/schema\\\/logo\\\/image\\\/\"},\"sameAs\":[\"https:\\\/\\\/instagram.com\\\/h2gate\"]}]}<\/script>\n<!-- \/ Yoast SEO plugin. -->","yoast_head_json":{"title":"News - H2Gate","robots":{"index":"index","follow":"follow","max-snippet":"max-snippet:-1","max-image-preview":"max-image-preview:large","max-video-preview":"max-video-preview:-1"},"canonical":"https:\/\/h2gate.com\/en\/news\/","og_locale":"en_GB","og_type":"article","og_title":"News - H2Gate","og_description":"News News aus der H2\/BZ-Branche","og_url":"https:\/\/h2gate.com\/en\/news\/","og_site_name":"H2Gate","article_modified_time":"2022-07-14T10:28:21+00:00","twitter_card":"summary_large_image","schema":{"@context":"https:\/\/schema.org","@graph":[{"@type":"WebPage","@id":"https:\/\/h2gate.com\/news\/","url":"https:\/\/h2gate.com\/news\/","name":"News - H2Gate","isPartOf":{"@id":"https:\/\/h2gate.com\/en\/#website"},"datePublished":"2022-04-30T08:37:42+00:00","dateModified":"2022-07-14T10:28:21+00:00","breadcrumb":{"@id":"https:\/\/h2gate.com\/news\/#breadcrumb"},"inLanguage":"en-GB","potentialAction":[{"@type":"ReadAction","target":["https:\/\/h2gate.com\/news\/"]}]},{"@type":"BreadcrumbList","@id":"https:\/\/h2gate.com\/news\/#breadcrumb","itemListElement":[{"@type":"ListItem","position":1,"name":"Home","item":"https:\/\/h2gate.com\/"},{"@type":"ListItem","position":2,"name":"News"}]},{"@type":"WebSite","@id":"https:\/\/h2gate.com\/en\/#website","url":"https:\/\/h2gate.com\/en\/","name":"H2Gate","description":"H2Gate vernetzt, f\u00f6rdert, vermittelt, ber\u00e4t","publisher":{"@id":"https:\/\/h2gate.com\/en\/#organization"},"potentialAction":[{"@type":"SearchAction","target":{"@type":"EntryPoint","urlTemplate":"https:\/\/h2gate.com\/en\/?s={search_term_string}"},"query-input":{"@type":"PropertyValueSpecification","valueRequired":true,"valueName":"search_term_string"}}],"inLanguage":"en-GB"},{"@type":"Organization","@id":"https:\/\/h2gate.com\/en\/#organization","name":"H2Gate","url":"https:\/\/h2gate.com\/en\/","logo":{"@type":"ImageObject","inLanguage":"en-GB","@id":"https:\/\/h2gate.com\/en\/#\/schema\/logo\/image\/","url":"https:\/\/h2gate.com\/wp-content\/uploads\/2022\/04\/H2-Gate_4c.png","contentUrl":"https:\/\/h2gate.com\/wp-content\/uploads\/2022\/04\/H2-Gate_4c.png","width":320,"height":187,"caption":"H2Gate"},"image":{"@id":"https:\/\/h2gate.com\/en\/#\/schema\/logo\/image\/"},"sameAs":["https:\/\/instagram.com\/h2gate"]}]}},"_links":{"self":[{"href":"https:\/\/h2gate.com\/en\/wp-json\/wp\/v2\/pages\/523","targetHints":{"allow":["GET"]}}],"collection":[{"href":"https:\/\/h2gate.com\/en\/wp-json\/wp\/v2\/pages"}],"about":[{"href":"https:\/\/h2gate.com\/en\/wp-json\/wp\/v2\/types\/page"}],"author":[{"embeddable":true,"href":"https:\/\/h2gate.com\/en\/wp-json\/wp\/v2\/users\/1"}],"replies":[{"embeddable":true,"href":"https:\/\/h2gate.com\/en\/wp-json\/wp\/v2\/comments?post=523"}],"version-history":[{"count":11,"href":"https:\/\/h2gate.com\/en\/wp-json\/wp\/v2\/pages\/523\/revisions"}],"predecessor-version":[{"id":1639,"href":"https:\/\/h2gate.com\/en\/wp-json\/wp\/v2\/pages\/523\/revisions\/1639"}],"wp:attachment":[{"href":"https:\/\/h2gate.com\/en\/wp-json\/wp\/v2\/media?parent=523"}],"curies":[{"name":"wp","href":"https:\/\/api.w.org\/{rel}","templated":true}]}}